{"id":628,"date":"2020-10-06T15:10:33","date_gmt":"2020-10-06T15:10:33","guid":{"rendered":"https:\/\/teisseireconsulting.com\/events\/?page_id=628"},"modified":"2020-10-30T08:35:04","modified_gmt":"2020-10-30T08:35:04","slug":"mentions-legales","status":"publish","type":"page","link":"https:\/\/teisseireconsulting.com\/events\/mentions-legales\/","title":{"rendered":"Mentions l\u00e9gales"},"content":{"rendered":"\t\t<div data-elementor-type=\"wp-page\" data-elementor-id=\"628\" class=\"elementor elementor-628\" data-elementor-settings=\"[]\">\n\t\t\t\t\t\t<div class=\"elementor-inner\">\n\t\t\t\t\t\t\t<div class=\"elementor-section-wrap\">\n\t\t\t\t\t\t\t<section class=\"elementor-section elementor-top-section elementor-element elementor-element-4c0395e elementor-section-boxed elementor-section-height-default elementor-section-height-default\" data-id=\"4c0395e\" data-element_type=\"section\">\n\t\t\t\t\t\t<div class=\"elementor-container elementor-column-gap-default\">\n\t\t\t\t\t\t\t<div class=\"elementor-row\">\n\t\t\t\t\t<div class=\"aux-parallax-section elementor-column elementor-col-100 elementor-top-column elementor-element elementor-element-213b7d6\" data-id=\"213b7d6\" data-element_type=\"column\">\n\t\t\t<div class=\"elementor-column-wrap elementor-element-populated\">\n\t\t\t\t\t\t\t<div class=\"elementor-widget-wrap\">\n\t\t\t\t\t\t<div class=\"elementor-element elementor-element-acaba38 elementor-widget elementor-widget-text-editor\" data-id=\"acaba38\" data-element_type=\"widget\" data-widget_type=\"text-editor.default\">\n\t\t\t\t<div class=\"elementor-widget-container\">\n\t\t\t\t\t<div class=\"elementor-text-editor elementor-clearfix\"><h4>MENTIONS L\u00c9GALES<\/h4><p>Merci de lire attentivement les pr\u00e9sentes modalit\u00e9s d\u2019utilisation du pr\u00e9sent site avant de le parcourir. En vous connectant sur ce site, vous acceptez sans r\u00e9serve les pr\u00e9sentes modalit\u00e9s.<\/p><h4>Editeur du site<\/h4><p>Teisseire Consulting<br \/>78 avenue des Champs Elys\u00e9es,<br \/>Office 562<br \/>75008 Paris<\/p><p>SAS au capital de 5 000\u20ac<br \/>RCS Paris 823 032 529<\/p><h4>Conditions d\u2019utilisation<\/h4><p>Le site teisseireconsulting.com est exploit\u00e9 dans le respect de la l\u00e9gislation fran\u00e7aise par la soci\u00e9t\u00e9 Teisseire Consulting. L\u2019utilisation de ce site est r\u00e9gie par les pr\u00e9sentes conditions g\u00e9n\u00e9rales. En utilisant le site, vous reconnaissez avoir pris connaissance de ces conditions et les avoir accept\u00e9es. Celles-ci pourront \u00eatres modifi\u00e9es \u00e0 tout moment et sans pr\u00e9avis par la soci\u00e9t\u00e9 qui ne saurait \u00eatre tenue pour responsable en aucune mani\u00e8re d\u2019une mauvaise utilisation du service.<\/p><h4>D\u00e9veloppement web, conception graphique, illustrations et support technique<\/h4><p>Camille Ducasse<br \/>12 avenue de la rivi\u00e8re<br \/>34160 Castries<\/p><p>06 59 65 94 08<br \/><a href=\"https:\/\/www.camilleducasse.com\" target=\"_blank\" rel=\"noopener\">www.camilleducasse.com<\/a><\/p><h4>H\u00e9bergement du site<\/h4><p>OVH<br \/>2 rue Kellermann<br \/>59100 Roubaix<\/p><p>SAS au capital de 10 069 020 \u20ac<br \/>RCS Lille M\u00e9tropole 424 761 419 00045<\/p><h4>Litiges<\/h4><p>Les pr\u00e9sentes conditions sont r\u00e9gies par les lois fran\u00e7aises et toute contestation ou litiges qui pourraient na\u00eetre de l\u2019interpr\u00e9tation ou de l\u2019ex\u00e9cution de celles-ci seront de la comp\u00e9tence exclusive des tribunaux dont d\u00e9pend le si\u00e8ge social de la soci\u00e9t\u00e9. La langue de r\u00e9f\u00e9rence, pour le r\u00e8glement de contentieux \u00e9ventuels, est le fran\u00e7ais.<\/p><h4>Droit d\u2019acc\u00e8s<\/h4><p>En application de cette loi, les internautes disposent d\u2019un droit d\u2019acc\u00e8s, de rectification, de modification et de suppression concernant les donn\u00e9es qui les concernent personnellement. Ce droit peut \u00eatre exerc\u00e9 par voie postale au 78 avenue des Champs Elys\u00e9es, office 562, 75008 Paris ou par voie \u00e9lectronique \u00e0 l\u2019adresse email suivante : info@teisseireconsulting.com<br \/>Les informations personnelles collect\u00e9es ne sont en aucun cas confi\u00e9es \u00e0 des tiers hormis pour l\u2019\u00e9ventuelle bonne ex\u00e9cution de la prestation command\u00e9e par l\u2019internaute.<\/p><h4>Cookies<\/h4><p>La navigation sur ce site est susceptible de provoquer l\u2019installation de cookie(s) sur l\u2019ordinateur de l\u2019utilisateur. Un cookie est un fichier de petite taille, qui ne permet pas l\u2019identification de l\u2019utilisateur, mais qui enregistre des informations relatives \u00e0 la navigation d\u2019un ordinateur sur un site. Les donn\u00e9es ainsi obtenues visent \u00e0 faciliter la navigation ult\u00e9rieure sur le site, et ont \u00e9galement vocation \u00e0 permettre diverses mesures de fr\u00e9quentation.<\/p><h4>Liens hypertextes<\/h4><p>Teisseire Consulting peut proposer des liens vers d\u2019autres sites internet ou d\u2019autres ressources disponibles sur Internet. Teisseire Consulting ne dispose d\u2019aucun moyen pour contr\u00f4ler les sites en connexion avec ces sites internet. Teisseire Consulting ne r\u00e9pond pas de la disponibilit\u00e9 de tels sites et sources externes, ni ne la garantit. Teisseire Consulting ne peut \u00eatre tenue pour responsable de tout dommage, de quelque nature que ce soit, r\u00e9sultant du contenu de ces sites ou sources externes, et notamment des informations, produits ou services qu\u2019ils proposent, ou de tout usage qui peut \u00eatre fait de ces \u00e9l\u00e9ments. Les risques li\u00e9s \u00e0 cette utilisation incombent pleinement \u00e0 l\u2019internaute, qui doit se conformer \u00e0 leurs conditions d\u2019utilisation. Les utilisateurs, les abonn\u00e9s et les visiteurs des sites internet ne peuvent mettre en place un hyperlien en direction de ce site sans l\u2019autorisation expresse et pr\u00e9alable de Teisseire Consulting. Dans l\u2019hypoth\u00e8se o\u00f9 un utilisateur ou visiteur souhaiterait mettre en place un hyperlien en direction d\u2019un des sites internet de Teisseire Consulting, il lui appartiendra d\u2019adresser un email accessible sur le site afin de formuler sa demande de mise en place d\u2019un hyperlien. Teisseire Consulting se r\u00e9serve le droit d\u2019accepter ou de refuser un hyperlien sans avoir \u00e0 en justifier sa d\u00e9cision.<\/p><h4>Confidentialit\u00e9<\/h4><p>Vos donn\u00e9es personnelles sont confidentielles et ne seront en aucun cas communiqu\u00e9es \u00e0 des tiers hormis pour la bonne ex\u00e9cution de la prestation.<\/p><h4>Contactez-nous<\/h4><p>Nous sommes \u00e0 votre disposition pour tous vos commentaires ou suggestions. Vous pouvez nous \u00e9crire par courrier \u00e9lectronique \u00e0 :\u00a0<a href=\"mailto:info@teisseireconsulting.com\">info@teisseireconsulting.com<\/a><\/p><\/div>\n\t\t\t\t<\/div>\n\t\t\t\t<\/div>\n\t\t\t\t\t\t<\/div>\n\t\t\t\t\t<\/div>\n\t\t<\/div>\n\t\t\t\t\t\t\t\t<\/div>\n\t\t\t\t\t<\/div>\n\t\t<\/section>\n\t\t\t\t\t\t<\/div>\n\t\t\t\t\t\t<\/div>\n\t\t\t\t\t<\/div>\n\t\t","protected":false},"excerpt":{"rendered":"<p>MENTIONS L\u00c9GALES Merci de lire attentivement les pr\u00e9sentes modalit\u00e9s d\u2019utilisation du pr\u00e9sent site avant de le parcourir. En vous connectant sur ce site, vous acceptez sans r\u00e9serve les pr\u00e9sentes modalit\u00e9s. Editeur du site Teisseire Consulting 78 avenue des Champs Elys\u00e9es, Office 562 75008 Paris SAS au capital de 5 000\u20ac RCS Paris 823 032 529 [&hellip;]<\/p>\n","protected":false},"author":1,"featured_media":0,"parent":0,"menu_order":0,"comment_status":"closed","ping_status":"closed","template":"","meta":[],"yoast_head":"<!-- This site is optimized with the Yoast SEO plugin v15.2.1 - https:\/\/yoast.com\/wordpress\/plugins\/seo\/ -->\n<title>Mentions l\u00e9gales - EVENTS<\/title>\n<meta name=\"robots\" content=\"index, follow, max-snippet:-1, max-image-preview:large, max-video-preview:-1\" \/>\n<link rel=\"canonical\" href=\"https:\/\/teisseireconsulting.com\/events\/mentions-legales\/\" \/>\n<meta property=\"og:locale\" content=\"fr_FR\" \/>\n<meta property=\"og:type\" content=\"article\" \/>\n<meta property=\"og:title\" content=\"Mentions l\u00e9gales - EVENTS\" \/>\n<meta property=\"og:description\" content=\"MENTIONS L\u00c9GALES Merci de lire attentivement les pr\u00e9sentes modalit\u00e9s d\u2019utilisation du pr\u00e9sent site avant de le parcourir. En vous connectant sur ce site, vous acceptez sans r\u00e9serve les pr\u00e9sentes modalit\u00e9s. Editeur du site Teisseire Consulting 78 avenue des Champs Elys\u00e9es, Office 562 75008 Paris SAS au capital de 5 000\u20ac RCS Paris 823 032 529 [&hellip;]\" \/>\n<meta property=\"og:url\" content=\"https:\/\/teisseireconsulting.com\/events\/mentions-legales\/\" \/>\n<meta property=\"og:site_name\" content=\"EVENTS\" \/>\n<meta property=\"article:modified_time\" content=\"2020-10-30T08:35:04+00:00\" \/>\n<meta name=\"twitter:card\" content=\"summary_large_image\" \/>\n<meta name=\"twitter:label1\" content=\"\u00c9crit par\">\n\t<meta name=\"twitter:data1\" content=\"TCEvents\">\n\t<meta name=\"twitter:label2\" content=\"Dur\u00e9e de lecture est.\">\n\t<meta name=\"twitter:data2\" content=\"3 minutes\">\n<script type=\"application\/ld+json\" class=\"yoast-schema-graph\">{\"@context\":\"https:\/\/schema.org\",\"@graph\":[{\"@type\":\"WebSite\",\"@id\":\"https:\/\/teisseireconsulting.com\/events\/#website\",\"url\":\"https:\/\/teisseireconsulting.com\/events\/\",\"name\":\"EVENTS\",\"description\":\"Just another WordPress site\",\"potentialAction\":[{\"@type\":\"SearchAction\",\"target\":\"https:\/\/teisseireconsulting.com\/events\/?s={search_term_string}\",\"query-input\":\"required name=search_term_string\"}],\"inLanguage\":\"fr-FR\"},{\"@type\":\"WebPage\",\"@id\":\"https:\/\/teisseireconsulting.com\/events\/mentions-legales\/#webpage\",\"url\":\"https:\/\/teisseireconsulting.com\/events\/mentions-legales\/\",\"name\":\"Mentions l\\u00e9gales - EVENTS\",\"isPartOf\":{\"@id\":\"https:\/\/teisseireconsulting.com\/events\/#website\"},\"datePublished\":\"2020-10-06T15:10:33+00:00\",\"dateModified\":\"2020-10-30T08:35:04+00:00\",\"inLanguage\":\"fr-FR\",\"potentialAction\":[{\"@type\":\"ReadAction\",\"target\":[\"https:\/\/teisseireconsulting.com\/events\/mentions-legales\/\"]}]}]}<\/script>\n<!-- \/ Yoast SEO plugin. -->","_links":{"self":[{"href":"https:\/\/teisseireconsulting.com\/events\/wp-json\/wp\/v2\/pages\/628"}],"collection":[{"href":"https:\/\/teisseireconsulting.com\/events\/wp-json\/wp\/v2\/pages"}],"about":[{"href":"https:\/\/teisseireconsulting.com\/events\/wp-json\/wp\/v2\/types\/page"}],"author":[{"embeddable":true,"href":"https:\/\/teisseireconsulting.com\/events\/wp-json\/wp\/v2\/users\/1"}],"replies":[{"embeddable":true,"href":"https:\/\/teisseireconsulting.com\/events\/wp-json\/wp\/v2\/comments?post=628"}],"version-history":[{"count":6,"href":"https:\/\/teisseireconsulting.com\/events\/wp-json\/wp\/v2\/pages\/628\/revisions"}],"predecessor-version":[{"id":662,"href":"https:\/\/teisseireconsulting.com\/events\/wp-json\/wp\/v2\/pages\/628\/revisions\/662"}],"wp:attachment":[{"href":"https:\/\/teisseireconsulting.com\/events\/wp-json\/wp\/v2\/media?parent=628"}],"curies":[{"name":"wp","href":"https:\/\/api.w.org\/{rel}","templated":true}]}}